{"id":41118,"date":"2025-04-08T09:15:09","date_gmt":"2025-04-08T08:15:09","guid":{"rendered":"https:\/\/raesgrabiojuneda.com\/biologo-de-cabecera\/"},"modified":"2025-10-14T16:12:24","modified_gmt":"2025-10-14T15:12:24","slug":"bioleg-de-capcalera","status":"publish","type":"page","link":"https:\/\/raesgrabiojuneda.com\/ca\/bioleg-de-capcalera\/","title":{"rendered":"Contacte amb l&#8217;equip de biologia de cap\u00e7alera"},"content":{"rendered":"<div class=\"fusion-fullwidth fullwidth-box fusion-builder-row-1 fusion-flex-container has-pattern-background has-mask-background fusion-parallax-none nonhundred-percent-fullwidth non-hundred-percent-height-scrolling lazyload\" style=\"--awb-border-radius-top-left:0px;--awb-border-radius-top-right:0px;--awb-border-radius-bottom-right:0px;--awb-border-radius-bottom-left:0px;--awb-padding-top:53px;--awb-padding-bottom:20px;--awb-background-image:linear-gradient(180deg, rgba(255,255,255,0.31) 0%,#ffffff 58%);;--awb-background-size:cover;--awb-flex-wrap:wrap;\" data-bg=\"https:\/\/raesgrabiojuneda.com\/wp-content\/uploads\/2025\/04\/Comunidades_Raesgra.jpg.webp\" data-bg-gradient=\"linear-gradient(180deg, rgba(255,255,255,0.31) 0%,#ffffff 58%)\" ><div class=\"fusion-builder-row fusion-row fusion-flex-align-items-flex-start fusion-flex-content-wrap\" style=\"max-width:calc( 1200px + 0px );margin-left: calc(-0px \/ 2 );margin-right: calc(-0px \/ 2 );\"><div class=\"fusion-layout-column fusion_builder_column fusion-builder-column-0 fusion_builder_column_1_1 1_1 fusion-flex-column fusion-flex-align-self-stretch fusion-animated\" style=\"--awb-padding-top:49px;--awb-padding-right:54px;--awb-padding-bottom:38px;--awb-padding-left:56px;--awb-bg-color:hsla(var(--awb-color4-h),var(--awb-color4-s),calc(var(--awb-color4-l) - 20%),var(--awb-color4-a));--awb-bg-color-hover:hsla(var(--awb-color4-h),var(--awb-color4-s),calc(var(--awb-color4-l) - 20%),var(--awb-color4-a));--awb-bg-size:cover;--awb-width-large:100%;--awb-spacing-right-large:0px;--awb-margin-bottom-large:46px;--awb-spacing-left-large:0px;--awb-width-medium:100%;--awb-order-medium:0;--awb-spacing-right-medium:0px;--awb-spacing-left-medium:0px;--awb-width-small:100%;--awb-order-small:0;--awb-spacing-right-small:0px;--awb-spacing-left-small:0px;\" data-animationType=\"fadeInDown\" data-animationDuration=\"1.0\" data-animationDelay=\"1.0\" data-animationOffset=\"top-into-view\"><div class=\"fusion-column-wrapper fusion-column-has-shadow fusion-flex-justify-content-flex-start fusion-content-layout-column\"><div class=\"fusion-title title fusion-title-1 fusion-sep-none fusion-title-text fusion-title-size-four\" style=\"--awb-text-color:var(--awb-color1);--awb-margin-bottom:30px;--awb-margin-bottom-small:30px;\"><h4 class=\"fusion-title-heading title-heading-left fusion-responsive-typography-calculated\" style=\"margin:0;text-transform:var(--awb-typography1-text-transform);--fontSize:30;line-height:1.4;\"><strong><span style=\"vertical-align: inherit;\"><span style=\"vertical-align: inherit;\">Identificaci\u00f3 de plagues<\/span><\/span><\/strong><\/h4><\/div><div class=\"fusion-text fusion-text-1 fusion-text-no-margin\" style=\"--awb-text-color:hsla(var(--awb-color1-h),var(--awb-color1-s),var(--awb-color1-l),calc(var(--awb-color1-a) - 30%));--awb-margin-bottom:40px;\"><p><span style=\"vertical-align: inherit;\"><span style=\"vertical-align: inherit;\">Si sospita que pot tenir una plaga a casa, empresa o instal\u00b7laci\u00f3, el nostre equip \u00e9s aqu\u00ed per ajudar-lo. A trav\u00e9s del seg\u00fcent formulari, ens podr\u00e0 proporcionar informaci\u00f3 b\u00e0sica sobre la seva situaci\u00f3. Una persona especialista del nostre equip es posar\u00e0 en contacte amb vost\u00e8 com m\u00e9s aviat millor per oferir-li un diagn\u00f2stic inicial i proposar-li les millors solucions adaptades al seu cas.<\/span><\/span><\/p>\n<\/div><div class=\"fusion-builder-row fusion-builder-row-inner fusion-row fusion-flex-align-items-flex-start fusion-flex-content-wrap\" style=\"width:calc( 100% + 0px ) !important;max-width:calc( 100% + 0px ) !important;margin-left: calc(-0px \/ 2 );margin-right: calc(-0px \/ 2 );\"><div class=\"fusion-layout-column fusion_builder_column_inner fusion-builder-nested-column-0 fusion_builder_column_inner_2_5 2_5 fusion-flex-column\" style=\"--awb-bg-size:cover;--awb-width-large:40%;--awb-spacing-right-large:10px;--awb-margin-bottom-large:0px;--awb-spacing-left-large:0px;--awb-width-medium:40%;--awb-order-medium:0;--awb-spacing-right-medium:10px;--awb-spacing-left-medium:0px;--awb-width-small:100%;--awb-order-small:0;--awb-spacing-right-small:0px;--awb-spacing-left-small:0px;\"><div class=\"fusion-column-wrapper fusion-column-has-shadow fusion-flex-justify-content-flex-start fusion-content-layout-column\"><div style=\"text-align:center;\"><a class=\"fusion-button button-flat fusion-button-default-size button-custom fusion-button-default button-1 fusion-button-span-yes fusion-button-default-type fusion-has-button-gradient\" style=\"--button_accent_color:var(--awb-color1);--button_accent_hover_color:var(--awb-color1);--button_border_hover_color:var(--awb-color1);--button_gradient_angle:180deg;--button_gradient_top_color:var(--awb-color4);--button_gradient_bottom_color:hsla(var(--awb-color5-h),var(--awb-color5-s),calc(var(--awb-color5-l) - 8%),var(--awb-color5-a));--button_gradient_top_color_hover:var(--awb-color5);--button_gradient_bottom_color_hover:var(--awb-color5);--button_text_transform:none;--button_margin-bottom:24px;\" target=\"_self\" href=\" https:\/\/raesgrabiojuneda.com\/ca\/contacte\/ \"><span class=\"fusion-button-text\">Algun dubte?-&gt; Clic aqu\u00ed<\/span><\/a><\/div><\/div><\/div><div class=\"fusion-layout-column fusion_builder_column_inner fusion-builder-nested-column-1 fusion_builder_column_inner_3_5 3_5 fusion-flex-column\" style=\"--awb-bg-size:cover;--awb-width-large:60%;--awb-spacing-right-large:0px;--awb-margin-bottom-large:0px;--awb-spacing-left-large:0px;--awb-width-medium:60%;--awb-order-medium:0;--awb-spacing-right-medium:0px;--awb-spacing-left-medium:0px;--awb-width-small:100%;--awb-order-small:0;--awb-spacing-right-small:0px;--awb-spacing-left-small:0px;\"><div class=\"fusion-column-wrapper fusion-column-has-shadow fusion-flex-justify-content-flex-start fusion-content-layout-column\"><div style=\"text-align:center;\"><a class=\"fusion-button button-flat fusion-button-default-size button-custom fusion-button-default button-2 fusion-button-span-yes fusion-button-default-type fusion-has-button-gradient\" style=\"--button_accent_color:var(--awb-color1);--button_accent_hover_color:var(--awb-color1);--button_border_hover_color:var(--awb-color1);--button_gradient_angle:180deg;--button_gradient_top_color:#ff3d3d;--button_gradient_bottom_color:var(--awb-color4);--button_gradient_top_color_hover:var(--awb-color4);--button_gradient_bottom_color_hover:var(--awb-color5);--button_text_transform:none;\" target=\"_self\" href=\" https:\/\/raesgrabiojuneda.com\/ca\/treballa-en-raesgra\/\"><span class=\"fusion-button-text\">Vols treballar al nostre equip? Deixa el teu CV aqu\u00ed<\/span><\/a><\/div><\/div><\/div><\/div><\/div><\/div><div class=\"fusion-layout-column fusion_builder_column fusion-builder-column-1 fusion_builder_column_1_1 1_1 fusion-flex-column fusion-flex-align-self-stretch fusion-animated\" style=\"--awb-padding-top:40px;--awb-padding-right:80px;--awb-padding-left:80px;--awb-padding-bottom-small:30px;--awb-bg-color:var(--awb-color1);--awb-bg-color-hover:var(--awb-color1);--awb-bg-position:center center;--awb-bg-size:cover;--awb-border-color:var(--awb-custom_color_1);--awb-border-top:1px;--awb-border-right:1px;--awb-border-bottom:1px;--awb-border-left:1px;--awb-border-style:solid;--awb-width-large:100%;--awb-spacing-right-large:0px;--awb-margin-bottom-large:45px;--awb-spacing-left-large:0px;--awb-width-medium:100%;--awb-order-medium:0;--awb-spacing-right-medium:0px;--awb-spacing-left-medium:0px;--awb-width-small:100%;--awb-order-small:0;--awb-spacing-right-small:0px;--awb-spacing-left-small:0px;\" data-animationType=\"fadeInUp\" data-animationDuration=\"1.0\" data-animationDelay=\"1.0\" data-animationOffset=\"top-into-view\"><div class=\"fusion-column-wrapper fusion-column-has-shadow fusion-flex-justify-content-center fusion-content-layout-column\"><div class=\"fusion-title title fusion-title-2 fusion-sep-none fusion-title-text fusion-title-size-four\" style=\"--awb-margin-bottom:30px;\"><h4 class=\"fusion-title-heading title-heading-left fusion-responsive-typography-calculated\" style=\"margin:0;text-transform:none;--fontSize:30;line-height:1.4;\"><span style=\"vertical-align: inherit;\"><span style=\"vertical-align: inherit;\">Deixa&#8217;ns les teves dades i una persona de l&#8217;equip de biologia es posar\u00e0 en contacte amb tu<\/span><\/span><\/h4><\/div>\n<div class=\"wpcf7 no-js\" id=\"wpcf7-f40892-o1\" lang=\"es-ES\" dir=\"ltr\" data-wpcf7-id=\"40892\">\n<div class=\"screen-reader-response\"><p role=\"status\" aria-live=\"polite\" aria-atomic=\"true\"><\/p> <ul><\/ul><\/div>\n<form action=\"\/ca\/wp-json\/wp\/v2\/pages\/41118#wpcf7-f40892-o1\" method=\"post\" class=\"wpcf7-form init\" aria-label=\"Formulario de contacto\" enctype=\"multipart\/form-data\" novalidate=\"novalidate\" data-status=\"init\">\n<div style=\"display: none;\">\n<input type=\"hidden\" name=\"_wpcf7\" value=\"40892\" \/>\n<input type=\"hidden\" name=\"_wpcf7_version\" value=\"6.0.5\" \/>\n<input type=\"hidden\" name=\"_wpcf7_locale\" value=\"es_ES\" \/>\n<input type=\"hidden\" name=\"_wpcf7_unit_tag\" value=\"wpcf7-f40892-o1\" \/>\n<input type=\"hidden\" name=\"_wpcf7_container_post\" value=\"0\" \/>\n<input type=\"hidden\" name=\"_wpcf7_posted_data_hash\" value=\"\" \/>\n<\/div>\n<p><label> Nom i cognoms<br \/>\n<span class=\"wpcf7-form-control-wrap\" data-name=\"your-name\"><input size=\"40\" maxlength=\"400\" class=\"wpcf7-form-control wpcf7-text wpcf7-validates-as-required\" autocomplete=\"name\" aria-required=\"true\" aria-invalid=\"false\" value=\"\" type=\"text\" name=\"your-name\" \/><\/span> <\/label>\n<\/p>\n<p><label> Adre\u00e7a electr\u00f2nica<br \/>\n<span class=\"wpcf7-form-control-wrap\" data-name=\"your-email\"><input size=\"40\" maxlength=\"400\" class=\"wpcf7-form-control wpcf7-email wpcf7-validates-as-required wpcf7-text wpcf7-validates-as-email\" autocomplete=\"email\" aria-required=\"true\" aria-invalid=\"false\" value=\"\" type=\"email\" name=\"your-email\" \/><\/span> <\/label>\n<\/p>\n<p><label> Tl\u00e8fon de contacte<br \/>\n<span class=\"wpcf7-form-control-wrap\" data-name=\"tel-658\"><input size=\"40\" maxlength=\"400\" class=\"wpcf7-form-control wpcf7-tel wpcf7-validates-as-required wpcf7-text wpcf7-validates-as-tel\" aria-required=\"true\" aria-invalid=\"false\" value=\"\" type=\"tel\" name=\"tel-658\" \/><\/span> <\/label>\n<\/p>\n<p><label> Direcci\u00f3<br \/>\n<span class=\"wpcf7-form-control-wrap\" data-name=\"Calle\"><input size=\"40\" maxlength=\"400\" class=\"wpcf7-form-control wpcf7-text wpcf7-validates-as-required\" aria-required=\"true\" aria-invalid=\"false\" value=\"Carrer\/avinguda\" type=\"text\" name=\"Calle\" \/><\/span><br \/>\n<span class=\"wpcf7-form-control-wrap\" data-name=\"Ciudad\"><input size=\"40\" maxlength=\"400\" class=\"wpcf7-form-control wpcf7-text wpcf7-validates-as-required\" aria-required=\"true\" aria-invalid=\"false\" value=\"Ciutat\" type=\"text\" name=\"Ciudad\" \/><\/span><br \/>\n<span class=\"wpcf7-form-control-wrap\" data-name=\"estado\"><input size=\"40\" maxlength=\"400\" class=\"wpcf7-form-control wpcf7-text wpcf7-validates-as-required\" aria-required=\"true\" aria-invalid=\"false\" value=\"Estat \/ Provincia \/ Regi\u00f3\" type=\"text\" name=\"estado\" \/><\/span><br \/>\n<span class=\"wpcf7-form-control-wrap\" data-name=\"codigo-postal\"><input size=\"40\" maxlength=\"400\" class=\"wpcf7-form-control wpcf7-text wpcf7-validates-as-required\" aria-required=\"true\" aria-invalid=\"false\" value=\"Codi postal\" type=\"text\" name=\"codigo-postal\" \/><\/span><\/label>\n<\/p>\n<p><label> Descripci\u00f3 Zona<br \/>\n<span class=\"wpcf7-form-control-wrap\" data-name=\"your-message\"><textarea cols=\"40\" rows=\"10\" maxlength=\"2000\" class=\"wpcf7-form-control wpcf7-textarea\" aria-invalid=\"false\" name=\"your-message\">Explicar com \u00e9s la zona on s&#039;hi han trobat els insectes i explicar qualsevol dada que pugui ser fonamental per a la seva an\u00e0lisi.<\/textarea><\/span> <\/label>\n<\/p>\n<p><label>Adjunti una imatge, si ho desitja (m\u00e0xim 15mb)<br \/>\n<span class=\"wpcf7-form-control-wrap\" data-name=\"imatge\"><input size=\"40\" class=\"wpcf7-form-control wpcf7-file\" accept=\".jpg,.png,.pdf\" aria-invalid=\"false\" type=\"file\" name=\"imatge\" \/><\/span><\/label>\n<\/p>\n<p><label><span class=\"wpcf7-form-control-wrap\" data-name=\"acceptance-463\"><span class=\"wpcf7-form-control wpcf7-acceptance\"><span class=\"wpcf7-list-item\"><label><input type=\"checkbox\" name=\"acceptance-463\" value=\"1\" aria-invalid=\"false\" \/><span class=\"wpcf7-list-item-label\">He llegit i accepto la <a href=\"\/ca\/politica-de-privacidad\/\"> Pol\u00edtica de Privadesa<\/a><\/span><\/label><\/span><\/span><\/span><\/label>\n<\/p>\n<p class=\"aiowps-captcha hide-when-displaying-tfa-input\"><label for=\"aiowps-captcha-answer-6a0345e30128c\">Please enter an answer in digits:<\/label>\n<\/p>\n<div class=\"aiowps-captcha-equation hide-when-displaying-tfa-input\">\n\t<p><strong>four &#43; 5 = <input type=\"hidden\" name=\"aiowps-captcha-string-info\" class=\"aiowps-captcha-string-info\" value=\"q6k3sg1re8\" \/><input type=\"hidden\" name=\"aiowps-captcha-temp-string\" class=\"aiowps-captcha-temp-string\" value=\"1778599395\" \/><input type=\"text\" size=\"2\" id=\"aiowps-captcha-answer-6a0345e30128c\" class=\"aiowps-captcha-answer\" name=\"aiowps-captcha-answer\" value=\"\" autocomplete=\"off\" \/><\/strong>\n\t<\/p>\n<\/div>\n<p><span class='wpcf7-form-control-wrap' data-name='aiowps-captcha'><\/span><input class=\"wpcf7-form-control wpcf7-submit has-spinner\" type=\"submit\" value=\"Enviar\" \/>\n<\/p><div class=\"fusion-alert alert custom alert-custom fusion-alert-center wpcf7-response-output awb-alert-native-link-color alert-dismissable awb-alert-close-boxed\" style=\"--awb-border-size:1px;--awb-border-top-left-radius:0px;--awb-border-top-right-radius:0px;--awb-border-bottom-left-radius:0px;--awb-border-bottom-right-radius:0px;\" role=\"alert\"><div class=\"fusion-alert-content-wrapper\"><span class=\"fusion-alert-content\"><\/span><\/div><button type=\"button\" class=\"close toggle-alert\" data-dismiss=\"alert\" aria-label=\"Close\">&times;<\/button><\/div>\n<\/form>\n<\/div>\n<\/div><\/div><\/div><\/div>\n","protected":false},"excerpt":{"rendered":"","protected":false},"author":1,"featured_media":0,"parent":0,"menu_order":0,"comment_status":"closed","ping_status":"closed","template":"100-width.php","meta":{"footnotes":""},"class_list":["post-41118","page","type-page","status-publish","hentry"],"yoast_head":"<!-- This site is optimized with the Yoast SEO plugin v26.2 - https:\/\/yoast.com\/wordpress\/plugins\/seo\/ -->\n<title>Contacte amb l&#039;equip de biologia de cap\u00e7alera - RAESGRA juneda<\/title>\n<meta name=\"robots\" content=\"index, follow, max-snippet:-1, max-image-preview:large, max-video-preview:-1\" \/>\n<link rel=\"canonical\" href=\"https:\/\/raesgrabiojuneda.com\/contacto-con-el-equipo-de-biologia-de-cabecera\/\" \/>\n<meta property=\"og:locale\" content=\"ca_ES\" \/>\n<meta property=\"og:type\" content=\"article\" \/>\n<meta property=\"og:title\" content=\"Contacte amb l&#039;equip de biologia de cap\u00e7alera - RAESGRA juneda\" \/>\n<meta property=\"og:url\" content=\"https:\/\/raesgrabiojuneda.com\/contacto-con-el-equipo-de-biologia-de-cabecera\/\" \/>\n<meta property=\"og:site_name\" content=\"RAESGRA juneda\" \/>\n<meta property=\"article:modified_time\" content=\"2025-10-14T15:12:24+00:00\" \/>\n<meta name=\"twitter:card\" content=\"summary_large_image\" \/>\n<meta name=\"twitter:label1\" content=\"Temps estimat de lectura\" \/>\n\t<meta name=\"twitter:data1\" content=\"12 minuts\" \/>\n<script type=\"application\/ld+json\" class=\"yoast-schema-graph\">{\"@context\":\"https:\/\/schema.org\",\"@graph\":[{\"@type\":\"WebPage\",\"@id\":\"https:\/\/raesgrabiojuneda.com\/contacto-con-el-equipo-de-biologia-de-cabecera\/\",\"url\":\"https:\/\/raesgrabiojuneda.com\/contacto-con-el-equipo-de-biologia-de-cabecera\/\",\"name\":\"Contacte amb l'equip de biologia de cap\u00e7alera - RAESGRA juneda\",\"isPartOf\":{\"@id\":\"https:\/\/raesgrabiojuneda.com\/#website\"},\"datePublished\":\"2025-04-08T08:15:09+00:00\",\"dateModified\":\"2025-10-14T15:12:24+00:00\",\"breadcrumb\":{\"@id\":\"https:\/\/raesgrabiojuneda.com\/contacto-con-el-equipo-de-biologia-de-cabecera\/#breadcrumb\"},\"inLanguage\":\"ca\",\"potentialAction\":[{\"@type\":\"ReadAction\",\"target\":[\"https:\/\/raesgrabiojuneda.com\/contacto-con-el-equipo-de-biologia-de-cabecera\/\"]}]},{\"@type\":\"BreadcrumbList\",\"@id\":\"https:\/\/raesgrabiojuneda.com\/contacto-con-el-equipo-de-biologia-de-cabecera\/#breadcrumb\",\"itemListElement\":[{\"@type\":\"ListItem\",\"position\":1,\"name\":\"Portada\",\"item\":\"https:\/\/raesgrabiojuneda.com\/ca\/\"},{\"@type\":\"ListItem\",\"position\":2,\"name\":\"Contacte amb l&#8217;equip de biologia de cap\u00e7alera\"}]},{\"@type\":\"WebSite\",\"@id\":\"https:\/\/raesgrabiojuneda.com\/#website\",\"url\":\"https:\/\/raesgrabiojuneda.com\/\",\"name\":\"RAESGRA juneda\",\"description\":\"\",\"potentialAction\":[{\"@type\":\"SearchAction\",\"target\":{\"@type\":\"EntryPoint\",\"urlTemplate\":\"https:\/\/raesgrabiojuneda.com\/?s={search_term_string}\"},\"query-input\":{\"@type\":\"PropertyValueSpecification\",\"valueRequired\":true,\"valueName\":\"search_term_string\"}}],\"inLanguage\":\"ca\"}]}<\/script>\n<!-- \/ Yoast SEO plugin. -->","yoast_head_json":{"title":"Contacte amb l'equip de biologia de cap\u00e7alera - RAESGRA juneda","robots":{"index":"index","follow":"follow","max-snippet":"max-snippet:-1","max-image-preview":"max-image-preview:large","max-video-preview":"max-video-preview:-1"},"canonical":"https:\/\/raesgrabiojuneda.com\/contacto-con-el-equipo-de-biologia-de-cabecera\/","og_locale":"ca_ES","og_type":"article","og_title":"Contacte amb l'equip de biologia de cap\u00e7alera - RAESGRA juneda","og_url":"https:\/\/raesgrabiojuneda.com\/contacto-con-el-equipo-de-biologia-de-cabecera\/","og_site_name":"RAESGRA juneda","article_modified_time":"2025-10-14T15:12:24+00:00","twitter_card":"summary_large_image","twitter_misc":{"Temps estimat de lectura":"12 minuts"},"schema":{"@context":"https:\/\/schema.org","@graph":[{"@type":"WebPage","@id":"https:\/\/raesgrabiojuneda.com\/contacto-con-el-equipo-de-biologia-de-cabecera\/","url":"https:\/\/raesgrabiojuneda.com\/contacto-con-el-equipo-de-biologia-de-cabecera\/","name":"Contacte amb l'equip de biologia de cap\u00e7alera - RAESGRA juneda","isPartOf":{"@id":"https:\/\/raesgrabiojuneda.com\/#website"},"datePublished":"2025-04-08T08:15:09+00:00","dateModified":"2025-10-14T15:12:24+00:00","breadcrumb":{"@id":"https:\/\/raesgrabiojuneda.com\/contacto-con-el-equipo-de-biologia-de-cabecera\/#breadcrumb"},"inLanguage":"ca","potentialAction":[{"@type":"ReadAction","target":["https:\/\/raesgrabiojuneda.com\/contacto-con-el-equipo-de-biologia-de-cabecera\/"]}]},{"@type":"BreadcrumbList","@id":"https:\/\/raesgrabiojuneda.com\/contacto-con-el-equipo-de-biologia-de-cabecera\/#breadcrumb","itemListElement":[{"@type":"ListItem","position":1,"name":"Portada","item":"https:\/\/raesgrabiojuneda.com\/ca\/"},{"@type":"ListItem","position":2,"name":"Contacte amb l&#8217;equip de biologia de cap\u00e7alera"}]},{"@type":"WebSite","@id":"https:\/\/raesgrabiojuneda.com\/#website","url":"https:\/\/raesgrabiojuneda.com\/","name":"RAESGRA juneda","description":"","potentialAction":[{"@type":"SearchAction","target":{"@type":"EntryPoint","urlTemplate":"https:\/\/raesgrabiojuneda.com\/?s={search_term_string}"},"query-input":{"@type":"PropertyValueSpecification","valueRequired":true,"valueName":"search_term_string"}}],"inLanguage":"ca"}]}},"_links":{"self":[{"href":"https:\/\/raesgrabiojuneda.com\/ca\/wp-json\/wp\/v2\/pages\/41118","targetHints":{"allow":["GET"]}}],"collection":[{"href":"https:\/\/raesgrabiojuneda.com\/ca\/wp-json\/wp\/v2\/pages"}],"about":[{"href":"https:\/\/raesgrabiojuneda.com\/ca\/wp-json\/wp\/v2\/types\/page"}],"author":[{"embeddable":true,"href":"https:\/\/raesgrabiojuneda.com\/ca\/wp-json\/wp\/v2\/users\/1"}],"replies":[{"embeddable":true,"href":"https:\/\/raesgrabiojuneda.com\/ca\/wp-json\/wp\/v2\/comments?post=41118"}],"version-history":[{"count":17,"href":"https:\/\/raesgrabiojuneda.com\/ca\/wp-json\/wp\/v2\/pages\/41118\/revisions"}],"predecessor-version":[{"id":41876,"href":"https:\/\/raesgrabiojuneda.com\/ca\/wp-json\/wp\/v2\/pages\/41118\/revisions\/41876"}],"wp:attachment":[{"href":"https:\/\/raesgrabiojuneda.com\/ca\/wp-json\/wp\/v2\/media?parent=41118"}],"curies":[{"name":"wp","href":"https:\/\/api.w.org\/{rel}","templated":true}]}}