{"id":41109,"date":"2025-05-08T09:45:18","date_gmt":"2025-05-08T08:45:18","guid":{"rendered":"https:\/\/raesgrabiojuneda.com\/politicas-de-cookies\/"},"modified":"2025-10-20T08:01:52","modified_gmt":"2025-10-20T07:01:52","slug":"politicas-de-cookies","status":"publish","type":"page","link":"https:\/\/raesgrabiojuneda.com\/ca\/politicas-de-cookies\/","title":{"rendered":"Politicas de Cookies"},"content":{"rendered":"<div style=\"text-align: justify;\">\n<h2><strong><span style=\"vertical-align: inherit;\"><span style=\"vertical-align: inherit;\">POL\u00cdTICA DE COOKIES<\/span><\/span><\/strong><\/h2>\n<p><span style=\"vertical-align: inherit;\"><span style=\"vertical-align: inherit;\">Aquesta p\u00e0gina web utilitza cookies per millorar l&#8217;experi\u00e8ncia de les persones usu\u00e0ries. A continuaci\u00f3, trobareu informaci\u00f3 sobre qu\u00e8 s\u00f3n les galetes, quin tipus de galetes utilitza aquesta p\u00e0gina, com podeu desactivar les galetes al vostre navegador i com desactivar espec\u00edficament la instal\u00b7laci\u00f3 de galetes de tercers. Si no trobeu la informaci\u00f3 espec\u00edfica que esteu buscant, si us plau envieu un correu a <\/span><\/span><b><span style=\"vertical-align: inherit;\"><span style=\"vertical-align: inherit;\">raesgra@raesgra.com<\/span><\/span><\/b><span style=\"vertical-align: inherit;\"><span style=\"vertical-align: inherit;\"> .<\/span><\/span><\/p>\n<h3><strong><span style=\"vertical-align: inherit;\"><span style=\"vertical-align: inherit;\">Qu\u00e8 s\u00f3n les galetes?<\/span><\/span><\/strong><\/h3>\n<p><span style=\"vertical-align: inherit;\"><span style=\"vertical-align: inherit;\">Les galetes s\u00f3n \u00fatils per diversos motius. Des d&#8217;un punt de vista t\u00e8cnic, permeten que les p\u00e0gines web funcionin de forma m\u00e9s \u00e0gil i adaptada a les vostres prefer\u00e8ncies, com emmagatzemar el vostre idioma o la moneda del vostre pa\u00eds. A m\u00e9s, ajuden els responsables dels llocs a millorar els serveis que ofereixen, gr\u00e0cies a la informaci\u00f3 estad\u00edstica que recullen a trav\u00e9s d&#8217;elles i serveixen per fer m\u00e9s eficient la publicitat que us podem mostrar.<\/span><\/span><\/p>\n<h3><strong><span style=\"vertical-align: inherit;\"><span style=\"vertical-align: inherit;\">Quin \u00fas donem als diferents tipus de cookies?<\/span><\/span><\/strong><\/h3>\n<p><strong><span style=\"vertical-align: inherit;\"><span style=\"vertical-align: inherit;\">Galetes de sessi\u00f3:<\/span><\/span><\/strong><span style=\"vertical-align: inherit;\"><span style=\"vertical-align: inherit;\"> S\u00f3n aquelles que duren el temps que la persona usu\u00e0ria est\u00e0 navegant per la p\u00e0gina web i s&#8217;esborren en finalitzar.<\/span><\/span><\/p>\n<p><strong><span style=\"vertical-align: inherit;\"><span style=\"vertical-align: inherit;\">Cookies persistents:<\/span><\/span><\/strong><span style=\"vertical-align: inherit;\"><span style=\"vertical-align: inherit;\"> Queden emmagatzemades al terminal de la persona usu\u00e0ria per un temps m\u00e9s llarg, facilitant aix\u00ed el control de les prefer\u00e8ncies escollides sense haver de repetir certs par\u00e0metres cada cop que es visiti el lloc web.<\/span><\/span><\/p>\n<p><strong><span style=\"vertical-align: inherit;\"><span style=\"vertical-align: inherit;\">Cookies pr\u00f2pies:<\/span><\/span><\/strong><span style=\"vertical-align: inherit;\"><span style=\"vertical-align: inherit;\"> S\u00f3n creades pel lloc web i que nom\u00e9s poden llegir la pr\u00f2pia p\u00e0gina. Per exemple: galetes t\u00e8cniques per la c\u00e0rrega d&#8217;imatges, galetes de personalitzaci\u00f3 de par\u00e0metres de la web, galetes d&#8217;an\u00e0lisi de tr\u00e0nsit, etc.<\/span><\/span><\/p>\n<p><strong><span style=\"vertical-align: inherit;\"><span style=\"vertical-align: inherit;\">Cookies de tercers:<\/span><\/span><\/strong><span style=\"vertical-align: inherit;\"><span style=\"vertical-align: inherit;\"> S\u00f3n creades per tercers i que utilitzem per diferents serveis (per ex. An\u00e0lisi del lloc web o publicitat).<\/span><\/span><\/p>\n<p><span style=\"vertical-align: inherit;\"><span style=\"vertical-align: inherit;\">Segons la finalitat:<\/span><\/span><\/p>\n<p><strong><span style=\"vertical-align: inherit;\"><span style=\"vertical-align: inherit;\">Galetes t\u00e8cniques:<\/span><\/span><\/strong><span style=\"vertical-align: inherit;\"><span style=\"vertical-align: inherit;\"> S\u00f3n imprescindibles i estrictament necess\u00e0ries per al correcte funcionament d&#8217;un portal web i la utilitzaci\u00f3 de les diferents opcions i serveis que ofereix. Per exemple, les que serveixen per al manteniment de la sessi\u00f3, gesti\u00f3 del temps de resposta, rendiment o validaci\u00f3 d&#8217;opcions, utilitzar elements de seguretat, compartir contingut en xarxes socials, etc.<\/span><\/span><\/p>\n<p><strong><span style=\"vertical-align: inherit;\"><span style=\"vertical-align: inherit;\">Galetes de personalitzaci\u00f3:<\/span><\/span><\/strong><span style=\"vertical-align: inherit;\"><span style=\"vertical-align: inherit;\"> Permeten a cada persona usu\u00e0ria especificar o personalitzar algunes caracter\u00edstiques de les opcions generals de la p\u00e0gina web, per exemple, definir l&#8217;idioma, configuraci\u00f3 regional o tipus de navegador.<\/span><\/span><\/p>\n<p><strong><span style=\"vertical-align: inherit;\"><span style=\"vertical-align: inherit;\">Galetes anal\u00edtiques:<\/span><\/span><\/strong><span style=\"vertical-align: inherit;\"><span style=\"vertical-align: inherit;\"> S&#8217;utlitzen per elaborar perfils de navegaci\u00f3 i poder con\u00e8ixer les prefer\u00e8ncies de les persones usu\u00e0ries del mateix per millorar l&#8217;oferta de productes i serveis. Per exemple, mitjan\u00e7ant una galeta anal\u00edtica es controlarien les \u00e0rees geogr\u00e0fiques de m\u00e9s inter\u00e8s d&#8217;un usuari, quin \u00e9s el producte de m\u00e9s acceptaci\u00f3, etc.<\/span><\/span><\/p>\n<p><strong><span style=\"vertical-align: inherit;\"><span style=\"vertical-align: inherit;\">Galetes publicit\u00e0ries:<\/span><\/span><\/strong><span style=\"vertical-align: inherit;\"><span style=\"vertical-align: inherit;\"> Permeten gestionar espais publicitaris en base a criteris concrets. Per exemple, la freq\u00fc\u00e8ncia d&#8217;acc\u00e9s, el contingut editat, etc. Les galetes de publicitat permeten a trav\u00e9s de la gesti\u00f3 de la publicitat emmagatzemar informaci\u00f3 del comportament a trav\u00e9s de l&#8217;observaci\u00f3 d&#8217;h\u00e0bits, estudiant els accessos i formant un perfil de prefer\u00e8ncies de cada persona usu\u00e0ria, per oferir publicitat relacionada amb els interessos del seu perfil.<\/span><\/span><\/p>\n<\/div>\n","protected":false},"excerpt":{"rendered":"<p>POL\u00cdTICA DE COOKIES Aquesta p\u00e0gina web utilitza cookies per millorar [&hellip;]<\/p>\n","protected":false},"author":1,"featured_media":0,"parent":0,"menu_order":0,"comment_status":"closed","ping_status":"closed","template":"100-width.php","meta":{"footnotes":""},"class_list":["post-41109","page","type-page","status-publish","hentry"],"yoast_head":"<!-- This site is optimized with the Yoast SEO plugin v26.2 - https:\/\/yoast.com\/wordpress\/plugins\/seo\/ -->\n<title>Politicas de Cookies - RAESGRA juneda<\/title>\n<meta name=\"robots\" content=\"index, follow, max-snippet:-1, max-image-preview:large, max-video-preview:-1\" \/>\n<link rel=\"canonical\" href=\"https:\/\/raesgrabiojuneda.com\/politicas-de-cookies\/\" \/>\n<meta property=\"og:locale\" content=\"ca_ES\" \/>\n<meta property=\"og:type\" content=\"article\" \/>\n<meta property=\"og:title\" content=\"Politicas de Cookies - RAESGRA juneda\" \/>\n<meta property=\"og:description\" content=\"POL\u00cdTICA DE COOKIES Aquesta p\u00e0gina web utilitza cookies per millorar [&hellip;]\" \/>\n<meta property=\"og:url\" content=\"https:\/\/raesgrabiojuneda.com\/politicas-de-cookies\/\" \/>\n<meta property=\"og:site_name\" content=\"RAESGRA juneda\" \/>\n<meta property=\"article:modified_time\" content=\"2025-10-20T07:01:52+00:00\" \/>\n<meta name=\"twitter:card\" content=\"summary_large_image\" \/>\n<meta name=\"twitter:label1\" content=\"Temps estimat de lectura\" \/>\n\t<meta name=\"twitter:data1\" content=\"3 minuts\" \/>\n<script type=\"application\/ld+json\" class=\"yoast-schema-graph\">{\"@context\":\"https:\/\/schema.org\",\"@graph\":[{\"@type\":\"WebPage\",\"@id\":\"https:\/\/raesgrabiojuneda.com\/politicas-de-cookies\/\",\"url\":\"https:\/\/raesgrabiojuneda.com\/politicas-de-cookies\/\",\"name\":\"Politicas de Cookies - RAESGRA juneda\",\"isPartOf\":{\"@id\":\"https:\/\/raesgrabiojuneda.com\/#website\"},\"datePublished\":\"2025-05-08T08:45:18+00:00\",\"dateModified\":\"2025-10-20T07:01:52+00:00\",\"breadcrumb\":{\"@id\":\"https:\/\/raesgrabiojuneda.com\/politicas-de-cookies\/#breadcrumb\"},\"inLanguage\":\"ca\",\"potentialAction\":[{\"@type\":\"ReadAction\",\"target\":[\"https:\/\/raesgrabiojuneda.com\/politicas-de-cookies\/\"]}]},{\"@type\":\"BreadcrumbList\",\"@id\":\"https:\/\/raesgrabiojuneda.com\/politicas-de-cookies\/#breadcrumb\",\"itemListElement\":[{\"@type\":\"ListItem\",\"position\":1,\"name\":\"Portada\",\"item\":\"https:\/\/raesgrabiojuneda.com\/ca\/\"},{\"@type\":\"ListItem\",\"position\":2,\"name\":\"Politicas de Cookies\"}]},{\"@type\":\"WebSite\",\"@id\":\"https:\/\/raesgrabiojuneda.com\/#website\",\"url\":\"https:\/\/raesgrabiojuneda.com\/\",\"name\":\"RAESGRA juneda\",\"description\":\"\",\"potentialAction\":[{\"@type\":\"SearchAction\",\"target\":{\"@type\":\"EntryPoint\",\"urlTemplate\":\"https:\/\/raesgrabiojuneda.com\/?s={search_term_string}\"},\"query-input\":{\"@type\":\"PropertyValueSpecification\",\"valueRequired\":true,\"valueName\":\"search_term_string\"}}],\"inLanguage\":\"ca\"}]}<\/script>\n<!-- \/ Yoast SEO plugin. -->","yoast_head_json":{"title":"Politicas de Cookies - RAESGRA juneda","robots":{"index":"index","follow":"follow","max-snippet":"max-snippet:-1","max-image-preview":"max-image-preview:large","max-video-preview":"max-video-preview:-1"},"canonical":"https:\/\/raesgrabiojuneda.com\/politicas-de-cookies\/","og_locale":"ca_ES","og_type":"article","og_title":"Politicas de Cookies - RAESGRA juneda","og_description":"POL\u00cdTICA DE COOKIES Aquesta p\u00e0gina web utilitza cookies per millorar [&hellip;]","og_url":"https:\/\/raesgrabiojuneda.com\/politicas-de-cookies\/","og_site_name":"RAESGRA juneda","article_modified_time":"2025-10-20T07:01:52+00:00","twitter_card":"summary_large_image","twitter_misc":{"Temps estimat de lectura":"3 minuts"},"schema":{"@context":"https:\/\/schema.org","@graph":[{"@type":"WebPage","@id":"https:\/\/raesgrabiojuneda.com\/politicas-de-cookies\/","url":"https:\/\/raesgrabiojuneda.com\/politicas-de-cookies\/","name":"Politicas de Cookies - RAESGRA juneda","isPartOf":{"@id":"https:\/\/raesgrabiojuneda.com\/#website"},"datePublished":"2025-05-08T08:45:18+00:00","dateModified":"2025-10-20T07:01:52+00:00","breadcrumb":{"@id":"https:\/\/raesgrabiojuneda.com\/politicas-de-cookies\/#breadcrumb"},"inLanguage":"ca","potentialAction":[{"@type":"ReadAction","target":["https:\/\/raesgrabiojuneda.com\/politicas-de-cookies\/"]}]},{"@type":"BreadcrumbList","@id":"https:\/\/raesgrabiojuneda.com\/politicas-de-cookies\/#breadcrumb","itemListElement":[{"@type":"ListItem","position":1,"name":"Portada","item":"https:\/\/raesgrabiojuneda.com\/ca\/"},{"@type":"ListItem","position":2,"name":"Politicas de Cookies"}]},{"@type":"WebSite","@id":"https:\/\/raesgrabiojuneda.com\/#website","url":"https:\/\/raesgrabiojuneda.com\/","name":"RAESGRA juneda","description":"","potentialAction":[{"@type":"SearchAction","target":{"@type":"EntryPoint","urlTemplate":"https:\/\/raesgrabiojuneda.com\/?s={search_term_string}"},"query-input":{"@type":"PropertyValueSpecification","valueRequired":true,"valueName":"search_term_string"}}],"inLanguage":"ca"}]}},"_links":{"self":[{"href":"https:\/\/raesgrabiojuneda.com\/ca\/wp-json\/wp\/v2\/pages\/41109","targetHints":{"allow":["GET"]}}],"collection":[{"href":"https:\/\/raesgrabiojuneda.com\/ca\/wp-json\/wp\/v2\/pages"}],"about":[{"href":"https:\/\/raesgrabiojuneda.com\/ca\/wp-json\/wp\/v2\/types\/page"}],"author":[{"embeddable":true,"href":"https:\/\/raesgrabiojuneda.com\/ca\/wp-json\/wp\/v2\/users\/1"}],"replies":[{"embeddable":true,"href":"https:\/\/raesgrabiojuneda.com\/ca\/wp-json\/wp\/v2\/comments?post=41109"}],"version-history":[{"count":5,"href":"https:\/\/raesgrabiojuneda.com\/ca\/wp-json\/wp\/v2\/pages\/41109\/revisions"}],"predecessor-version":[{"id":41922,"href":"https:\/\/raesgrabiojuneda.com\/ca\/wp-json\/wp\/v2\/pages\/41109\/revisions\/41922"}],"wp:attachment":[{"href":"https:\/\/raesgrabiojuneda.com\/ca\/wp-json\/wp\/v2\/media?parent=41109"}],"curies":[{"name":"wp","href":"https:\/\/api.w.org\/{rel}","templated":true}]}}