{"id":41106,"date":"2025-05-08T09:44:52","date_gmt":"2025-05-08T08:44:52","guid":{"rendered":"https:\/\/raesgrabiojuneda.com\/aviso-legal\/"},"modified":"2025-10-20T09:05:20","modified_gmt":"2025-10-20T08:05:20","slug":"aviso-legal","status":"publish","type":"page","link":"https:\/\/raesgrabiojuneda.com\/ca\/aviso-legal\/","title":{"rendered":"Aviso legal"},"content":{"rendered":"<div>\n<div>\n<h2 style=\"text-align: center;\"><span style=\"vertical-align: inherit;\"><span style=\"vertical-align: inherit;\">AV\u00cdS LEGAL I CONDICIONS D&#8217;\u00daS DEL PORTAL<\/span><\/span><\/h2>\n<\/div>\n<div>\n<p><strong>Amb la finalitat de donar compliment a l\u2019article 10 de la Llei 34\/2002 de Serveis de la Societat de la Informaci\u00f3 i del Comer\u00e7 Electr\u00f2nic, informem a les persones usu\u00e0ries de les nostres dades:<\/strong><\/p>\n<p>Denominaci\u00f3 Social: <b><u>RAESGRA S.L<\/u><\/b><\/p>\n<p>Direcci\u00f3: <b>:Pol\u00edgono Sud-I nau, 9, 25430, Juneda, Lleida<\/b><\/p>\n<p><span style=\"vertical-align: inherit;\"><span style=\"vertical-align: inherit;\">CIF: <\/span><\/span><b><span style=\"vertical-align: inherit;\"><span style=\"vertical-align: inherit;\">B25030297<\/span><\/span><\/b><\/p>\n<p>Tel\u00e8fon:<b> 973151158<\/b><\/p>\n<p><span style=\"vertical-align: inherit;\"><span style=\"vertical-align: inherit;\">Correu electr\u00f2nic: <\/span><\/span><b><span style=\"vertical-align: inherit;\"><span style=\"vertical-align: inherit;\">raesgra@raesgra.com<\/span><\/span><\/b><\/p>\n<p><span style=\"vertical-align: inherit;\"><span style=\"vertical-align: inherit;\">Lloc web: <\/span><\/span><b><span style=\"vertical-align: inherit;\"><span style=\"vertical-align: inherit;\">https:\/\/raesgrabiojuneda.com\/<\/span><\/span><\/b><\/p>\n<p>Dades Registrals:<\/p>\n<p>Activitat Reglada:<\/p>\n<\/div>\n<div>\n<h3><b>1.- OBJECTE<\/b><\/h3>\n<p><b><u>RAESGRA S.L<\/u><\/b> (en endavant tamb\u00e9 l&#8217;entitat prestadora) com responsable del lloc web, posa a disposici\u00f3 de les persones usu\u00e0ries el present document, que regula l\u2019\u00fas del lloc web <b>https:\/\/raesgrabiojuneda.com\/<\/b>, amb el que pretenem donar compliment a les obligacions que disposa la Llei 34\/2002, de Serveis de la Societat de la Informaci\u00f3 i del Comer\u00e7 Electr\u00f2nic (LSSICE o LSSI) i establir quines s\u00f3n les condicions d\u2019\u00fas del lloc web.<\/p>\n<p>A trav\u00e9s de la Web, <b><u>RAESGRA S.L<\/u><\/b> facilita a les persones usu\u00e0ries l\u2019acc\u00e9s i utilitzaci\u00f3 de diferents serveis i continguts posats a disposici\u00f3 a trav\u00e9s del web.<\/p>\n<p>Tota persona que accedeixi a aquesta web assumeix el paper de persona usu\u00e0ria (en endavant, la persona usu\u00e0ria), i implica l\u2019acceptaci\u00f3 plena i sense reserves de totes i cada una de les disposicions incloses en aquest av\u00eds legal, aix\u00ed com a qualssevol altres disposicions legals que fossin d\u2019 aplicaci\u00f3.<\/p>\n<p>Com a persones usu\u00e0ries, s&#8217;ha de llegir atentament aquest Av\u00eds Legal en qualsevol de les ocasions que s&#8217;entri a la web, doncs aquest pot sofrir modificacions ja que l&#8217;entitat prestadora es reserva el dret a modificar qualsevol tipus d\u2019 informaci\u00f3 que pogu\u00e9s apar\u00e8ixer a la web, sense que existeixi l\u2019obligaci\u00f3 de pre-avisar o posar en coneixement de les persones usu\u00e0ries aquestes obligacions, essent suficients la publicaci\u00f3 en el lloc web.<\/p>\n<\/div>\n<div>\n<h3><b>2. CONDICIONS D&#8217;ACC\u00c9S I \u00daS DE LA WEB.<\/b><\/h3>\n<h4><b>2.1. Car\u00e0cter gratu\u00eft de l\u2019acc\u00e9s i \u00fas de la web.<\/b><\/h4>\n<p>La prestaci\u00f3 dels serveis per part de <b><u>RAESGRA S.L<\/u><\/b> t\u00e9 car\u00e0cter gratu\u00eft per a totes les persones usu\u00e0ries. No obstant, alguns dels serveis subministrats per l&#8217;entitat prestadora o per tercers a trav\u00e9s de la Web estan subjectes al pagament d\u2019 un preu determinat a les condiciones generals de contractaci\u00f3.<\/p>\n<h4><b>2.2. Registre d\u2019Usuari. <\/b><\/h4>\n<p>Amb car\u00e0cter general la prestaci\u00f3 dels Serveis no exigeix la pr\u00e8via subscripci\u00f3 o registre de les persones usu\u00e0ries. Tanmateix, <b><u><b><u>RAESGRA S.L<\/u><\/b>.<\/u><\/b> condiciona l\u2019\u00fas d\u2019alguns dels serveis a la pr\u00e8via complementaci\u00f3 del corresponent registre de la persona usu\u00e0ria.<\/p>\n<h4><b>2.3. Veracitat de la informaci\u00f3.<\/b><\/h4>\n<p>Tota la informaci\u00f3 que facilita la persona Usu\u00e0ria ha de ser vera\u00e7. A aquests efectes, la persona Usu\u00e0ria garanteix l\u2019 autenticitat de les dades comunicades a trav\u00e9s dels formularis per a la subscripci\u00f3 dels Serveis. Ser\u00e0 responsabilitat de la persona usu\u00e0ria mantenir tota la informaci\u00f3 facilitada a <b><u>RAESGRA S.L<\/u><\/b> permanentment actualitzada de forma que respongui, en cada moment, a la seva situaci\u00f3 real. En tot cas, la persona usu\u00e0ri ser\u00e0 l\u2019\u00fanic responsable de les manifestacions falses o inexactes que realitzi i dels perjudicis que causi a l&#8217;entitat  prestadora o a tercers.<\/p>\n<h4><b>2.4. Menors de edat.<\/b><\/h4>\n<p>Per a l&#8217;\u00fas dels serveis, les persones menors han d&#8217;obtenir sempre pr\u00e8viament el consentiment de mares, pares, persones tutores o representants legals, responsables darrers de tots els actes realitzats per les persones menors a c\u00e0rrec seu. La responsabilitat en la determinaci\u00f3 de continguts concrets a qu\u00e8 accedeixen les persones menors correspon als qui ostenten la p\u00e0tria potestat o tutela; per aix\u00f2, si accedeixen a continguts no apropiats per Internet, s&#8217;han d&#8217;establir als seus ordinadors mecanismes, en particular programes inform\u00e0tics, filtres i bloquejos, que permetin limitar els continguts disponibles i, encara que no siguin infal\u00b7libles, puguin ajudar a controlar-los.<\/p>\n<h4><b>2.5. Obligaci\u00f3 de fer un \u00fas correcte de la Web.<\/b><\/h4>\n<p>La persona usu\u00e0ria es compromet a utilitzar la Web de conformitat a la Llei i al present Av\u00eds Legal, aix\u00ed com a la moral i a les bones costums. A tal efecte, la persona usu\u00e0ria s\u2019abstindr\u00e0 d\u2019utilitzar la p\u00e0gina amb finalitats il\u00b7l\u00edcites o prohibides, lesives de drets i interessos de tercers, o que de qualsevol forma puguin danyar, inutilitzar, sobrecarregar, deteriorar o impedir la normal utilitzaci\u00f3 d\u2019equips inform\u00e0tics o documents, arxius i tota classe de continguts emmagatzemats en qualsevol equip inform\u00e0tic del prestador.<\/p>\n<p>En particular, i a t\u00edtol indicatiu per\u00f2 no exhaustiu, la persona usu\u00e0ria es compromet a no transmetre, difondre o posar a disposici\u00f3 de tercers informacions, dades, continguts, missatges, gr\u00e0fics, dibuixos, arxius de so o imatge, fotografies, gravacions, software i, en general, qualsevol classe de material que:<\/p>\n<p>(a) sigui contr\u00e0ria, menyspre\u00ef o atempti contra els drets fonamentals i les llibertats p\u00fabliques reconegudes constitucionalment, en tractats internacionals i altres normes vigents;<\/p>\n<p>(b) indueixi, inciti o promogui actuacions delictives, denigrants, difamat\u00f2ries, violentes o, en general, contr\u00e0ries a la llei, a la moral i a l\u2019ordre p\u00fablic;<\/p>\n<p>(c) indueixi, inciti o promogui actuacions, actituds o pensaments discriminatoris per ra\u00f3 de sexe, g\u00e8nere, orientaci\u00f3 sexual, identitat de g\u00e8nere, ra\u00e7a, religi\u00f3, creences, edat o condici\u00f3;<\/p>\n<p>(d) sigui contrari al dret a l\u2019honor, a la intimitat personal o familiar o a la pr\u00f2pia imatge de les persones;<\/p>\n<p>(e) de qualsevol manera perjudiqui la credibilitat de l&#8217;entitat prestadora o de tercers; i<\/p>\n<p>(f) constitueixi publicitat il\u00b7l\u00edcita, enganyosa o deslleial.<\/p>\n<\/div>\n<div>\n<h3><b>3.- EXCLUSI\u00d3 DE GARANTIES I RESPONSABILITAT<\/b><\/h3>\n<p>L&#8217;entitat prestadora s\u2019eximeix de qualsevol tipus de responsabilitat derivada de la informaci\u00f3 publicada en el nostre lloc web, sempre que aquesta informaci\u00f3 hagi estat manipulada o introdu\u00efda per un tercer ali\u00e8.<\/p>\n<p>Aquesta web ha estat revisada i provada per a que funcioni correctament. En principi, es pot garantir el correcte funcionament els 365 dies de l\u2019any, 24 hores al dia. No obstant aix\u00f2, l&#8217;entitat prestadora no descarta la possibilitat que existeixin determinats errors de programaci\u00f3, o que succeeixin causes de for\u00e7a major, cat\u00e0strofes naturals, vagues, o circumst\u00e0ncies semblants que facin impossible l\u2019acc\u00e9s a la p\u00e0gina web.<\/p>\n<p><b><u>RAESGRA S.L<\/u><\/b> no atorga cap garantia ni es fa responsable, en cap cas, dels danys i perjudicis de qualsevol naturalesa que puguin sortir a col\u00b7laci\u00f3 de la falta de disponibilitat, manteniment i efectiu funcionament de la web o dels seus serveis i continguts; de l\u2019exist\u00e8ncia de virus, programes maliciosos o lesius en els continguts; de l\u2019\u00fas il\u00b7l\u00edcit, negligent, fraudulent o contrari a aquest Av\u00eds Legal i condicions d\u2019\u00fas; o de La falta de licitud, qualitat, fiabilitat, utilitat i disponibilitat dels serveis prestats per tercers i posats a disposici\u00f3 de les persones usu\u00e0ries en el lloc web.<\/p>\n<p>L&#8217;entitat prestadora no es fa responsable sota cap concepte dels danys que puguin dimanar de l\u2019\u00fas il\u00b7legal o indegut de la present p\u00e0gina web.<\/p>\n<h3><b><span style=\"vertical-align: inherit;\"><span style=\"vertical-align: inherit;\">4.- GALETES<\/span><\/span><\/b><\/h3>\n<p>El lloc web de l&#8217;entitat prestadora pot utilitzar cookies (petits arxius d\u2019informaci\u00f3 que el servidor envia a l\u2019ordinador de qui accedeix a la p\u00e0gina) per a dur a terme determinades funcions que s\u00f3n considerades imprescindibles per al correcte funcionament i visualitzaci\u00f3 del lloc. Les cookies utilitzades tenen, en tot cas, car\u00e0cter temporal, amb l&#8217;\u00fanica finalitat de fer m\u00e9s efica\u00e7 la navegaci\u00f3, i desapareixen en acabar la sessi\u00f3 de la persona usu\u00e0ria.<\/p>\n<p>En cap cas s\u2019utilitzaran les cookies per a recollir informaci\u00f3 de car\u00e0cter personal.<\/p>\n<p>Per a m\u00e9s informaci\u00f3, vegeu la nostra <a href=\"https:\/\/raesgrabiojuneda.com\/ca\/politicas-de-cookies\/\">Pol\u00edtica de Cookies<\/a><\/p>\n<\/div>\n<div>\n<h3><b>5.- ENLLA\u00c7OS (LINKS)<\/b><\/h3>\n<p>Des del lloc web \u00e9s possible que es redirigeixi a continguts de terceres webs. At\u00e8s que des del web no podem controlar sempre els continguts introdu\u00efts pels tercers, <b><u>RAESGRA S.L<\/u><\/b> no assumeix cap tipus de responsabilitat respecte a aquests continguts. En tot cas, l&#8217;entitat prestadora manifesta que procedir\u00e0 a la retirada immediata de qualsevol contingut que pogu\u00e9s contravenir la legislaci\u00f3 nacional o internacional, la moral o l\u2019ordre p\u00fablic, procedint a la retirada immediata de la re-direcci\u00f3 a aquestes webs, posant en coneixement de les autoritats competents el contingut en q\u00fcesti\u00f3.<\/p>\n<p>L&#8217;entitat prestadora no es responsabilitza de la informaci\u00f3 i continguts emmagatzemats, a t\u00edtol enunciatiu per\u00f2 no limitant, en f\u00f2rums, xats, generadors de blogs, comentaris, xarxes socials o qualsevol altre mitj\u00e0 que permeti a tercers publicar continguts de forma independent a la p\u00e0gina web de l&#8217;entitat prestadora. No obstant aix\u00f2 i en compliment del que disposa l\u2019 art. 11 i 16 de la LSSICE, l&#8217;entitat prestadora es posa a disposici\u00f3 de totes les persones usu\u00e0ries, autoritats i forces de seguretat, i col\u00b7laborant de forma activa en la retirada o, quan esdevingui necessari, el bloqueig de tots aquells continguts que puguin afectar o contravenir la legislaci\u00f3 nacional, o internacional, drets de tercers o la moral i l\u2019ordre p\u00fablic. En cas que alguna persona usu\u00e0ria consideri que pot existir algun contingut que pogu\u00e9s ser susceptible de aquesta classificaci\u00f3, es prega ho notifiqui de forma immediata a l&#8217;administraci\u00f3 del lloc web.<\/p>\n<h3><b>6.- PROTECCI\u00d3 DE DADES PERSONALS <\/b><\/h3>\n<p>L&#8217;entitat prestadora est\u00e0 profundament compromesa amb el compliment de la normativa de protecci\u00f3 de dades personals i garanteix el compliment \u00edntegre de les obligacions disposades, aix\u00ed com la implementaci\u00f3 de les mesures de seguretat disposades al Reglament Europeu de Protecci\u00f3 de dades i la normativa espanyola de protecci\u00f3 de dades.<\/p>\n<p>Per a m\u00e9s informaci\u00f3, vegeu la nostra <a href=\"https:\/\/raesgrabiojuneda.com\/ca\/politica-de-privacidad\/\">Pol\u00edtica de Privadesa.<\/a><\/p>\n<\/div>\n<div>\n<h3><b>7. XARXES SOCIALS<\/b><\/h3>\n<p>Li informem que <b><u>RAESGRA S.L<\/u><\/b> pot estar present en xarxes socials. El tractament de les dades que les persones usu\u00e0ries incloguin en les mateixes [fent-se seguidors de l&#8217;entitat prestadora en les xarxes socials (i\/o realitzin qualsevol vincle o acci\u00f3 de connexi\u00f3 a trav\u00e9s d\u2019aquestes)] es regir\u00e0 per aquest apartat, aix\u00ed com per les condicions d\u2019\u00fas, pol\u00edtiques de privacitat i normatives d\u2019acc\u00e9s i \u00fas de les xarxes socials en q\u00fcesti\u00f3 i acceptades pr\u00e8viament per la persona usu\u00e0ria. <b><u>RAESGRA S.L<\/u><\/b> tractar\u00e0 les dades personas amb la finalitat d\u2019 informar-li de les activitats, productes o serveis de l&#8217;entitat prestadora a trav\u00e9s d\u2019aquests xarxes socials, aix\u00ed com per a qualsevol altre finalitat que les normatives de les Xarxes Socials permetin, sense fer-se responsable de les seves pol\u00edtiques de privacitat.<\/p>\n<p>Queda prohibida la publicaci\u00f3 de continguts:<\/p>\n<ul>\n<li>Que siguin presumptament il\u00b7l\u00edcits per la normativa nacional, comunit\u00e0ria o internacional o que realitzin activitats presumptament il\u00b7l\u00edcites o contravinguin els principis de la bona fe.<\/li>\n<li>Que atemptin contra els drets fonamentals de les persones, faltin a la cortesia a la xarxa, molestin o puguin generar opinions negatives a les nostres persones usu\u00e0ries o tercers i en general qualsevol contingut que <b><u>RAESGRA S.L<\/u><\/b> consideri no apropiats.<\/li>\n<li>I en general que contravinguin els principis de legalitat, honorabilitat, responsabilitat, protecci\u00f3 de la dignitat humana, protecci\u00f3 de persones menors, protecci\u00f3 del ordre p\u00fablic, la protecci\u00f3 de la vida privada, protecci\u00f3 de persones consumidores i els drets de propietat intel\u00b7lectual i industrial.<\/li>\n<\/ul>\n<p>Tanmateix, <b><u>RAESGRA S.L<\/u><\/b> es reserva la potestat de retirar, sense previ av\u00eds de la p\u00e0gina web o de la xarxa social corporativa aquells continguts que es considerin no apropiats.<\/p>\n<div><\/div>\n<h3><b>8.- PROPIETAT INTEL\u00b7LECTUAL I INDUSTRIAL<\/b><\/h3>\n<p>El lloc web, incloent a t\u00edtol enunciatiu per\u00f2 no limitatiu la programaci\u00f3, edici\u00f3, compilaci\u00f3 i altres elements necessaris per al seu funcionament, els dissenys, logotips, texts, fotografies i\/o gr\u00e0fics s\u00f3n propietat de l&#8217;entitat prestadora o, en cas que fos necessari, disposa de la llic\u00e8ncia o autoritzaci\u00f3 expressa per part dels autors. Tots els continguts del lloc web es troben degudament protegits per la normativa de propietat intel\u00b7lectual i industrial.<\/p>\n<p>Independentment de la finalitat per la que fossin destinats, la reproducci\u00f3 total o parcial, \u00fas, distribuci\u00f3 i comunicaci\u00f3 p\u00fablica requereixen de l\u2019autoritzaci\u00f3 escrita pr\u00e8via per part de l&#8217;entitat prestadora. Qualsevol \u00fas no autoritzat pr\u00e8viament per part del prestador ser\u00e0 considerat un incompliment greu dels drets de propietat intel\u00b7lectual o industrial de l\u2019autor.<\/p>\n<p>Els dissenys, logotips, texts i\/o gr\u00e0fics aliens a l&#8217;entitat prestadora i que puguin apar\u00e8ixer en el lloc web, pertanyen als seus respectius propietaris, essent ells mateixos els responsables de qualsevol possible controv\u00e8rsia que pogu\u00e9s esdevenir respecte als mateixos. En tot cas, l&#8217;entitat prestadora compta amb l\u2019autoritzaci\u00f3 expressa i pr\u00e8via per part dels mateixos.<\/p>\n<p>L&#8217;entitat prestadora reconeix a favor dels seus titulars els corresponents drets de propietat industrial i intel\u00b7lectual, no implicant la menci\u00f3 o aparici\u00f3 en el lloc web, de l\u2019exist\u00e8ncia de drets o cap responsabilitat de l&#8217;entitat prestadora sobre els mateixos, com tampoc recolzament, patrocini o recomanaci\u00f3 per part del mateix.<\/p>\n<p>Per a realitzar qualsevol tipus d\u2019observaci\u00f3 respecte a possibles incompliments dels drets de propietat intel\u00b7lectual o industrial, aix\u00ed como sobre qualsevol dels continguts del lloc web, pot fer-ho a trav\u00e9s del correu electr\u00f2nic a dalt ressenyat.<\/p>\n<\/div>\n<div>\n<h3><b>9.- LLEI APLICABLE I JURISDICCI\u00d3<\/b><\/h3>\n<p>Per a la resoluci\u00f3 de les controv\u00e8rsies o q\u00fcestions relacionades amb la present p\u00e0gina web o de les activitats en aquesta desenvolupades, ser\u00e0 d\u2019aplicaci\u00f3 la legislaci\u00f3 espanyola, a la que es sotmeten expressament les parts, essent competents per la resoluci\u00f3 de tots els conflictes derivats o relacionats amb el seu \u00fas els Jutjats i Tribunals de Lleida.<\/p>\n<\/div>\n<\/div>\n","protected":false},"excerpt":{"rendered":"<p>AV\u00cdS LEGAL I CONDICIONS D&#8217;\u00daS DEL PORTAL Amb la finalitat [&hellip;]<\/p>\n","protected":false},"author":1,"featured_media":0,"parent":0,"menu_order":0,"comment_status":"closed","ping_status":"closed","template":"100-width.php","meta":{"footnotes":""},"class_list":["post-41106","page","type-page","status-publish","hentry"],"yoast_head":"<!-- This site is optimized with the Yoast SEO plugin v26.2 - https:\/\/yoast.com\/wordpress\/plugins\/seo\/ -->\n<title>Aviso legal - RAESGRA juneda<\/title>\n<meta name=\"robots\" content=\"index, follow, max-snippet:-1, max-image-preview:large, max-video-preview:-1\" \/>\n<link rel=\"canonical\" href=\"https:\/\/raesgrabiojuneda.com\/aviso-legal\/\" \/>\n<meta property=\"og:locale\" content=\"ca_ES\" \/>\n<meta property=\"og:type\" content=\"article\" \/>\n<meta property=\"og:title\" content=\"Aviso legal - RAESGRA juneda\" \/>\n<meta property=\"og:description\" content=\"AV\u00cdS LEGAL I CONDICIONS D&#8217;\u00daS DEL PORTAL Amb la finalitat [&hellip;]\" \/>\n<meta property=\"og:url\" content=\"https:\/\/raesgrabiojuneda.com\/aviso-legal\/\" \/>\n<meta property=\"og:site_name\" content=\"RAESGRA juneda\" \/>\n<meta property=\"article:modified_time\" content=\"2025-10-20T08:05:20+00:00\" \/>\n<meta name=\"twitter:card\" content=\"summary_large_image\" \/>\n<meta name=\"twitter:label1\" content=\"Temps estimat de lectura\" \/>\n\t<meta name=\"twitter:data1\" content=\"11 minuts\" \/>\n<script type=\"application\/ld+json\" class=\"yoast-schema-graph\">{\"@context\":\"https:\/\/schema.org\",\"@graph\":[{\"@type\":\"WebPage\",\"@id\":\"https:\/\/raesgrabiojuneda.com\/aviso-legal\/\",\"url\":\"https:\/\/raesgrabiojuneda.com\/aviso-legal\/\",\"name\":\"Aviso legal - RAESGRA juneda\",\"isPartOf\":{\"@id\":\"https:\/\/raesgrabiojuneda.com\/#website\"},\"datePublished\":\"2025-05-08T08:44:52+00:00\",\"dateModified\":\"2025-10-20T08:05:20+00:00\",\"breadcrumb\":{\"@id\":\"https:\/\/raesgrabiojuneda.com\/aviso-legal\/#breadcrumb\"},\"inLanguage\":\"ca\",\"potentialAction\":[{\"@type\":\"ReadAction\",\"target\":[\"https:\/\/raesgrabiojuneda.com\/aviso-legal\/\"]}]},{\"@type\":\"BreadcrumbList\",\"@id\":\"https:\/\/raesgrabiojuneda.com\/aviso-legal\/#breadcrumb\",\"itemListElement\":[{\"@type\":\"ListItem\",\"position\":1,\"name\":\"Portada\",\"item\":\"https:\/\/raesgrabiojuneda.com\/ca\/\"},{\"@type\":\"ListItem\",\"position\":2,\"name\":\"Aviso legal\"}]},{\"@type\":\"WebSite\",\"@id\":\"https:\/\/raesgrabiojuneda.com\/#website\",\"url\":\"https:\/\/raesgrabiojuneda.com\/\",\"name\":\"RAESGRA juneda\",\"description\":\"\",\"potentialAction\":[{\"@type\":\"SearchAction\",\"target\":{\"@type\":\"EntryPoint\",\"urlTemplate\":\"https:\/\/raesgrabiojuneda.com\/?s={search_term_string}\"},\"query-input\":{\"@type\":\"PropertyValueSpecification\",\"valueRequired\":true,\"valueName\":\"search_term_string\"}}],\"inLanguage\":\"ca\"}]}<\/script>\n<!-- \/ Yoast SEO plugin. -->","yoast_head_json":{"title":"Aviso legal - RAESGRA juneda","robots":{"index":"index","follow":"follow","max-snippet":"max-snippet:-1","max-image-preview":"max-image-preview:large","max-video-preview":"max-video-preview:-1"},"canonical":"https:\/\/raesgrabiojuneda.com\/aviso-legal\/","og_locale":"ca_ES","og_type":"article","og_title":"Aviso legal - RAESGRA juneda","og_description":"AV\u00cdS LEGAL I CONDICIONS D&#8217;\u00daS DEL PORTAL Amb la finalitat [&hellip;]","og_url":"https:\/\/raesgrabiojuneda.com\/aviso-legal\/","og_site_name":"RAESGRA juneda","article_modified_time":"2025-10-20T08:05:20+00:00","twitter_card":"summary_large_image","twitter_misc":{"Temps estimat de lectura":"11 minuts"},"schema":{"@context":"https:\/\/schema.org","@graph":[{"@type":"WebPage","@id":"https:\/\/raesgrabiojuneda.com\/aviso-legal\/","url":"https:\/\/raesgrabiojuneda.com\/aviso-legal\/","name":"Aviso legal - RAESGRA juneda","isPartOf":{"@id":"https:\/\/raesgrabiojuneda.com\/#website"},"datePublished":"2025-05-08T08:44:52+00:00","dateModified":"2025-10-20T08:05:20+00:00","breadcrumb":{"@id":"https:\/\/raesgrabiojuneda.com\/aviso-legal\/#breadcrumb"},"inLanguage":"ca","potentialAction":[{"@type":"ReadAction","target":["https:\/\/raesgrabiojuneda.com\/aviso-legal\/"]}]},{"@type":"BreadcrumbList","@id":"https:\/\/raesgrabiojuneda.com\/aviso-legal\/#breadcrumb","itemListElement":[{"@type":"ListItem","position":1,"name":"Portada","item":"https:\/\/raesgrabiojuneda.com\/ca\/"},{"@type":"ListItem","position":2,"name":"Aviso legal"}]},{"@type":"WebSite","@id":"https:\/\/raesgrabiojuneda.com\/#website","url":"https:\/\/raesgrabiojuneda.com\/","name":"RAESGRA juneda","description":"","potentialAction":[{"@type":"SearchAction","target":{"@type":"EntryPoint","urlTemplate":"https:\/\/raesgrabiojuneda.com\/?s={search_term_string}"},"query-input":{"@type":"PropertyValueSpecification","valueRequired":true,"valueName":"search_term_string"}}],"inLanguage":"ca"}]}},"_links":{"self":[{"href":"https:\/\/raesgrabiojuneda.com\/ca\/wp-json\/wp\/v2\/pages\/41106","targetHints":{"allow":["GET"]}}],"collection":[{"href":"https:\/\/raesgrabiojuneda.com\/ca\/wp-json\/wp\/v2\/pages"}],"about":[{"href":"https:\/\/raesgrabiojuneda.com\/ca\/wp-json\/wp\/v2\/types\/page"}],"author":[{"embeddable":true,"href":"https:\/\/raesgrabiojuneda.com\/ca\/wp-json\/wp\/v2\/users\/1"}],"replies":[{"embeddable":true,"href":"https:\/\/raesgrabiojuneda.com\/ca\/wp-json\/wp\/v2\/comments?post=41106"}],"version-history":[{"count":18,"href":"https:\/\/raesgrabiojuneda.com\/ca\/wp-json\/wp\/v2\/pages\/41106\/revisions"}],"predecessor-version":[{"id":41936,"href":"https:\/\/raesgrabiojuneda.com\/ca\/wp-json\/wp\/v2\/pages\/41106\/revisions\/41936"}],"wp:attachment":[{"href":"https:\/\/raesgrabiojuneda.com\/ca\/wp-json\/wp\/v2\/media?parent=41106"}],"curies":[{"name":"wp","href":"https:\/\/api.w.org\/{rel}","templated":true}]}}